{"id":3,"date":"2022-08-15T11:13:52","date_gmt":"2022-08-15T11:13:52","guid":{"rendered":"https:\/\/opticon.me\/?page_id=3"},"modified":"2023-01-10T07:50:42","modified_gmt":"2023-01-10T07:50:42","slug":"privacy-policy","status":"publish","type":"page","link":"https:\/\/opticon.me\/sl\/privacy-policy\/","title":{"rendered":"Politika zasebnosti"},"content":{"rendered":"<div data-elementor-type=\"wp-page\" data-elementor-id=\"3\" class=\"elementor elementor-3\" data-elementor-post-type=\"page\">\n\t\t\t\t\t\t<section class=\"elementor-section elementor-top-section elementor-element elementor-element-e97c181 elementor-section-boxed elementor-section-height-default elementor-section-height-default\" data-id=\"e97c181\" data-element_type=\"section\" data-e-type=\"section\">\n\t\t\t\t\t\t<div class=\"elementor-container elementor-column-gap-default\">\n\t\t\t\t\t<div class=\"elementor-column elementor-col-100 elementor-top-column elementor-element elementor-element-52ed7cc6\" data-id=\"52ed7cc6\" data-element_type=\"column\" data-e-type=\"column\">\n\t\t\t<div class=\"elementor-widget-wrap elementor-element-populated\">\n\t\t\t\t\t\t<div class=\"elementor-element elementor-element-fb43542 elementor-widget elementor-widget-text-editor\" data-id=\"fb43542\" data-element_type=\"widget\" data-e-type=\"widget\" data-widget_type=\"text-editor.default\">\n\t\t\t\t<div class=\"elementor-widget-container\">\n\t\t\t\t\t\t\t\t\t<h1>Politika zasebnosti za Opticon Group d.o.o.<\/h1>\n<p>Pri Opticon Group, dostopnem na www.opticon.me, je ena na\u0161ih glavnih prioritet zasebnost na\u0161ih obiskovalcev. Ta dokument o politiki zasebnosti vsebuje vrste informacij, ki jih zbira in bele\u017ei Opticon Group, in kako jih uporabljamo.<\/p>\n<p>\u010ce imate dodatna vpra\u0161anja ali potrebujete ve\u010d informacij o na\u0161em pravilniku o zasebnosti, ne oklevajte in nas kontaktirajte.<\/p>\n<p>Ta pravilnik o zasebnosti velja samo za na\u0161e spletne dejavnosti in velja za obiskovalce na\u0161ega spletnega mesta glede informacij, ki so jih delili in\/ali zbirali v Opticon Group. Ta pravilnik ne velja za nobene podatke, zbrane brez povezave ali prek kanalov, ki niso ta spletna stran. Na\u0161 pravilnik o zasebnosti je bil ustvarjen s pomo\u010djo\u00a0<a href=\"https:\/\/www.privacypolicygenerator.info\/\">Free Privacy Policy Generator<\/a>.<\/p>\n<h2>Soglasje<\/h2>\n<p>Z uporabo na\u0161e spletne strani se strinjate z na\u0161o politiko zasebnosti in se strinjate z njenimi pogoji.<\/p>\n<h2>Podatki, ki jih zbiramo<\/h2>\n<p>Osebni podatki, ki jih morate posredovati, in razlogi, zakaj jih morate posredovati, vam bodo pojasnjeni, ko vas bomo prosili, da posredujete svoje osebne podatke.<\/p>\n<p>\u010ce stopite v stik z nami neposredno, lahko prejmemo dodatne informacije o vas, kot so va\u0161e ime, e-po\u0161tni naslov, telefonska \u0161tevilka, vsebina sporo\u010dila in\/ali prilog, ki nam jih lahko po\u0161ljete, ter vse druge informacije, ki jih lahko posredujete.<\/p>\n<p>Ko se registrirate za ra\u010dun, bomo morda zahtevali va\u0161e kontaktne podatke, vklju\u010dno z elementi, kot so ime, ime podjetja, naslov, e-po\u0161tni naslov in telefonska \u0161tevilka.<\/p>\n<h2>Kako uporabljamo va\u0161e podatke<\/h2>\n<p>Podatke, ki jih zbiramo, uporabljamo na razli\u010dne na\u010dine, vklju\u010dno z:<\/p>\n<ul>\n<li>Zagotavljanje, upravljanje in vzdr\u017eevanje na\u0161e spletne strani<\/li>\n<li>Izbolj\u0161ajte, prilagodite in raz\u0161irite na\u0161e spletno mesto<\/li>\n<li>Razumeti in analizirati, kako uporabljate na\u0161o spletno stran<\/li>\n<li>Razvijte nove izdelke, storitve, lastnosti in funkcionalnosti<\/li>\n<li>Komuniciramo z vami, neposredno ali prek enega od na\u0161ih partnerjev, vklju\u010dno s storitvami za stranke, da vam zagotovimo posodobitve in druge informacije v zvezi s spletnim mestom ter za namene tr\u017eenja in promocije.<\/li>\n<li>Po\u0161iljanje e-po\u0161te<\/li>\n<li>Poi\u0161\u010dite in prepre\u010dite goljufije<\/li>\n<\/ul>\n<h2>Dnevni\u0161ke datoteke<\/h2>\n<p>Opticon Group sledi standardnemu postopku uporabe dnevni\u0161kih datotek. Te datoteke bele\u017eijo obiskovalce, ko obi\u0161\u010dejo spletna mesta. Vsa gostiteljska podjetja to po\u010dnejo in so del analitike storitev gostovanja. Podatki, ki jih zbirajo dnevni\u0161ke datoteke, vklju\u010dujejo naslove internetnega protokola (IP), vrsto brskalnika, ponudnika internetnih storitev (ISP), datumski in \u010dasovni \u017eig, napotitvene\/izhodne strani in morda \u0161tevilo klikov. Ti niso povezani z nobenimi informacijami, ki omogo\u010dajo osebno identifikacijo. Namen informacij je analiza trendov, upravljanje spletnega mesta, sledenje gibanja uporabnikov na spletnem mestu in zbiranje demografskih podatkov.<\/p>\n<h2>Pi\u0161kotki in spletni svetilniki<\/h2>\n<p>Kot katera koli druga spletna stran tudi Opticon Group uporablja \"pi\u0161kotke\". Ti pi\u0161kotki se uporabljajo za shranjevanje informacij, vklju\u010dno z nastavitvami obiskovalcev in strani na spletnem mestu, do katerih je obiskovalec dostopal ali jih obiskal. Podatki se uporabljajo za optimizacijo uporabni\u0161ke izku\u0161nje s prilagajanjem vsebine na\u0161e spletne strani glede na vrsto brskalnika obiskovalcev in\/ali druge podatke<\/p>\n<h2>Pravilniki o zasebnosti ogla\u0161evalskih partnerjev<\/h2>\n<p>Na tem seznamu si lahko ogledate pravilnik o zasebnosti za vsakega od ogla\u0161evalskih partnerjev skupine Opticon Group.<\/p>\n<p>Ogla\u0161evalski stre\u017eniki ali ogla\u0161evalska omre\u017eja tretjih oseb uporabljajo tehnologije, kot so pi\u0161kotki, JavaScript ali spletni svetilniki, ki se uporabljajo v njihovih oglasih in povezavah, ki se pojavljajo v skupini Opticon Group in so poslane neposredno v brskalnik uporabnikov. Ko se to zgodi, samodejno prejmejo va\u0161 naslov IP. Te tehnologije se uporabljajo za merjenje u\u010dinkovitosti njihovih ogla\u0161evalskih kampanj in\/ali za prilagajanje ogla\u0161evalske vsebine, ki jo vidite na spletnih mestih, ki jih obi\u0161\u010dete.<\/p>\n<p>Upo\u0161tevajte, da Opticon Group nima dostopa ali nadzora nad temi pi\u0161kotki, ki jih uporabljajo tretji ogla\u0161evalci.<\/p>\n<h2>Politike zasebnosti tretjih oseb<\/h2>\n<p>Politika zasebnosti skupine Opticon Group ne velja za druge ogla\u0161evalce ali spletna mesta. Zato vam svetujemo, da si za podrobnej\u0161e informacije ogledate ustrezne pravilnike o zasebnosti teh oglasnih stre\u017enikov tretjih oseb. Vklju\u010duje lahko njihove prakse in navodila o tem, kako zavrniti nekatere mo\u017enosti.<\/p>\n<p>Pi\u0161kotke lahko onemogo\u010dite prek posameznih mo\u017enosti brskalnika. \u010ce \u017eelite izvedeti podrobnej\u0161e informacije o upravljanju pi\u0161kotkov s posebnimi spletnimi brskalniki, jih najdete na ustreznih spletnih mestih brskalnikov.<\/p>\n<h2>Pravice do zasebnosti CCPA (ne prodajaj mojih osebnih podatkov)<\/h2>\n<p>Po CCPA imajo potro\u0161niki v Kaliforniji med drugimi pravicami pravico do:<\/p>\n<p>Zahtevajte, da podjetje, ki zbira osebne podatke potro\u0161nikov, razkrije kategorije in posebne dele osebnih podatkov, ki jih je podjetje zbralo o potro\u0161nikih.<\/p>\n<p>Zahtevajte, da podjetje izbri\u0161e vse osebne podatke o potro\u0161niku, ki jih je podjetje zbralo.<\/p>\n<p>Zahtevajte, da podjetje, ki prodaja osebne podatke potro\u0161nika, ne prodaja osebnih podatkov potro\u0161nika.<\/p>\n<p>\u010ce vlo\u017eite zahtevo, imamo en mesec \u010dasa, da vam odgovorimo. \u010ce \u017eelite uveljavljati katero od teh pravic, nas kontaktirajte.<\/p>\n<h2>GDPR Pravice do varstva podatkov<\/h2>\n<p>Radi bi se prepri\u010dali, da ste v celoti seznanjeni z vsemi svojimi pravicami do varstva podatkov. Vsak uporabnik je upravi\u010den do:<\/p>\n<p>Pravica do dostopa \u2013 imate pravico zahtevati kopije svojih osebnih podatkov. Za to storitev vam lahko zara\u010dunamo majhno nadomestilo<\/p>\n<p>Pravica do popravka \u2013 pravico imate zahtevati, da popravimo vse informacije, za katere menite, da so neto\u010dne. Prav tako imate pravico zahtevati, da dopolnimo podatke, za katere menite, da so nepopolni.<\/p>\n<p>Pravica do izbrisa \u2013 pod dolo\u010denimi pogoji imate pravico zahtevati, da izbri\u0161emo va\u0161e osebne podatke<\/p>\n<p>Pravica do omejitve obdelave \u2013 pod dolo\u010denimi pogoji imate pravico zahtevati, da omejimo obdelavo va\u0161ih osebnih podatkov.<\/p>\n<p>Pravica do ugovora obdelavi \u2013 pod dolo\u010denimi pogoji imate pravico do ugovora na\u0161i obdelavi va\u0161ih osebnih podatkov.<\/p>\n<p>Pravica do prenosljivosti podatkov \u2013 pravico imate zahtevati, da pod dolo\u010denimi pogoji prenesemo podatke, ki smo jih zbrali, drugi organizaciji ali neposredno vam.<\/p>\n<p>\u010ce vlo\u017eite zahtevo, imamo en mesec \u010dasa, da vam odgovorimo. \u010ce \u017eelite uveljavljati katero od teh pravic, nas kontaktirajte.<\/p>\n<h2>Informacije za otroke<\/h2>\n<p>Druga prednostna naloga je dodajanje za\u0161\u010dite otrok med uporabo interneta. Star\u0161e in skrbnike spodbujamo k opazovanju, sodelovanju in\/ali spremljanju in usmerjanju njihove spletne dejavnosti.<\/p>\n<p>Skupina Opticon zavestno ne zbira nobenih osebnih identifikacijskih podatkov otrok, mlaj\u0161ih od 13 let. \u010ce menite, da je va\u0161 otrok posredoval tovrstne podatke na na\u0161i spletni strani, vam toplo priporo\u010damo, da nas nemudoma kontaktirate, mi pa se bomo po svojih najbolj\u0161ih mo\u010deh trudili nemudoma odstraniti take podatke iz na\u0161ih evidenc.<\/p>\t\t\t\t\t\t\t\t<\/div>\n\t\t\t\t<\/div>\n\t\t\t\t\t<\/div>\n\t\t<\/div>\n\t\t\t\t\t<\/div>\n\t\t<\/section>\n\t\t\t\t<\/div>","protected":false},"excerpt":{"rendered":"<p>Privacy Policy for Opticon Group d.o.o. At Opticon Group, accessible from www.opticon.me, one of our main priorities is the privacy of our visitors. This Privacy Policy document contains types of information that is collected and recorded by Opticon Group and how we use it. If you have additional questions or require more information about our [&hellip;]<\/p>\n","protected":false},"author":1,"featured_media":0,"parent":0,"menu_order":0,"comment_status":"closed","ping_status":"closed","template":"","meta":{"_coblocks_attr":"","_coblocks_dimensions":"","_coblocks_responsive_height":"","_coblocks_accordion_ie_support":"","footnotes":""},"class_list":["post-3","page","type-page","status-publish","hentry"],"_links":{"self":[{"href":"https:\/\/opticon.me\/sl\/wp-json\/wp\/v2\/pages\/3","targetHints":{"allow":["GET"]}}],"collection":[{"href":"https:\/\/opticon.me\/sl\/wp-json\/wp\/v2\/pages"}],"about":[{"href":"https:\/\/opticon.me\/sl\/wp-json\/wp\/v2\/types\/page"}],"author":[{"embeddable":true,"href":"https:\/\/opticon.me\/sl\/wp-json\/wp\/v2\/users\/1"}],"replies":[{"embeddable":true,"href":"https:\/\/opticon.me\/sl\/wp-json\/wp\/v2\/comments?post=3"}],"version-history":[{"count":8,"href":"https:\/\/opticon.me\/sl\/wp-json\/wp\/v2\/pages\/3\/revisions"}],"predecessor-version":[{"id":424,"href":"https:\/\/opticon.me\/sl\/wp-json\/wp\/v2\/pages\/3\/revisions\/424"}],"wp:attachment":[{"href":"https:\/\/opticon.me\/sl\/wp-json\/wp\/v2\/media?parent=3"}],"curies":[{"name":"wp","href":"https:\/\/api.w.org\/{rel}","templated":true}]}}